{"id":44,"date":"2020-08-11T18:59:18","date_gmt":"2020-08-11T16:59:18","guid":{"rendered":"http:\/\/fermedesvents.fr\/?page_id=44"},"modified":"2026-04-02T17:32:40","modified_gmt":"2026-04-02T15:32:40","slug":"ou-trouver-nos-legumes","status":"publish","type":"page","link":"https:\/\/fermedesvents.fr\/index.php\/ou-trouver-nos-legumes\/","title":{"rendered":"Nos points de vente"},"content":{"rendered":"\n<figure class=\"wp-block-gallery has-nested-images columns-default is-cropped wp-block-gallery-1 is-layout-flex wp-block-gallery-is-layout-flex\"><\/figure>\n\n\n\n<p><\/p>\n\n\n\n<h1 class=\"wp-block-heading\">A LA FERME &#8230; Paniers ou Vente Directe !<\/h1>\n\n\n\n<pre class=\"wp-block-preformatted\">Chaque ann\u00e9e nous confectionnons des paniers hebdomadaires chaque semaine. <br>Nous proposons deux formats de paniers: <br>- Un petit panier \u00e0 10 euros <br>- Un grand panier \u00e0 20 euros. <br>Le contenu du panier est vari\u00e9 et al\u00e9atoire en fonction de la production et de la saison. <br><br><br>En optant pour le panier, pour la saison vous:<br>- d\u00e9couvrez de nouveaux l\u00e9gumes <br>- vous laissez surprendre par son contenu <br>- testez de nouvelles mani\u00e8res de cuisiner <br>- soutenez bien s\u00fbr l'agriculture locale en venant chaque semaine r\u00e9cup\u00e9rer vos l\u00e9gumes<br><br><br>Vous avez aussi la possibilit\u00e9 de choisir vos l\u00e9gumes et confectionner votre propre commande. <br><br>Pour la saison 2026 les commandes se font en ligne via l'onglet \"boutique\" de notre site internet. <br><br>Diff\u00e9rents points de r\u00e9cup\u00e9ration des commandes pass\u00e9es par ce biais seront propos\u00e9s pour cette saison: <br>- \u00e0 la ferme des vents le vendredi soir <br>- sur la commune de Laffrey le jeudi soir (courant printemps\/\u00e9t\u00e9 2026)<br>- Au caf\u00e9 Jules Verne \u00e0 Grenoble le mercredi soir  (courant printemps\/\u00e9t\u00e9 2026)<br><br><br>Vous pouvez \u00e9galement retrouver une partie de nos l\u00e9gumes et oeufs figurent sur:<br><br>-  le site internet de lacagettebiomatheysine.fr site de l'association APASI dont nous faisons partis pour proposer des produits bio et locaux en matheysine. Par ce biais, la commande sera \u00e0 r\u00e9cup\u00e9rer le mardi soir \u00e0 St th\u00e9offrey. <br><br>- sur le site internet de au-local.org <br><br><br><br><strong>Pour vous inscrire pour la saison 2026 ou pour plus de renseignements, vous pouvez d\u00e8s \u00e0 pr\u00e9sent nous contacter au 06 12 62 38 43<\/strong>. <br><br><br><br><strong>Gardez l\u2019\u0153il ouvert ! <br>Plein de nouveaut\u00e9s se profilent encore pour 2026 !! <br><\/strong><\/pre>\n\n\n\n<figure class=\"wp-block-image size-large\"><img loading=\"lazy\" decoding=\"async\" width=\"1024\" height=\"768\" src=\"https:\/\/fermedesvents.fr\/wp-content\/uploads\/2023\/12\/one-img-1024x768.jpeg\" alt=\"\" class=\"wp-image-856\" srcset=\"https:\/\/fermedesvents.fr\/wp-content\/uploads\/2023\/12\/one-img-1024x768.jpeg 1024w, https:\/\/fermedesvents.fr\/wp-content\/uploads\/2023\/12\/one-img-300x225.jpeg 300w, https:\/\/fermedesvents.fr\/wp-content\/uploads\/2023\/12\/one-img-768x576.jpeg 768w, https:\/\/fermedesvents.fr\/wp-content\/uploads\/2023\/12\/one-img-1536x1152.jpeg 1536w, https:\/\/fermedesvents.fr\/wp-content\/uploads\/2023\/12\/one-img.jpeg 2048w\" sizes=\"auto, (max-width: 1024px) 100vw, 1024px\" \/><\/figure>\n\n\n\n<figure class=\"wp-block-gallery has-nested-images columns-default is-cropped wp-block-gallery-2 is-layout-flex wp-block-gallery-is-layout-flex\">\n<figure class=\"wp-block-image size-large\"><img loading=\"lazy\" decoding=\"async\" width=\"1024\" height=\"768\" data-id=\"850\" src=\"https:\/\/fermedesvents.fr\/wp-content\/uploads\/2023\/12\/369963069_877481613950013_7489210184536699003_n-1024x768.jpg\" alt=\"\" class=\"wp-image-850\" srcset=\"https:\/\/fermedesvents.fr\/wp-content\/uploads\/2023\/12\/369963069_877481613950013_7489210184536699003_n-1024x768.jpg 1024w, https:\/\/fermedesvents.fr\/wp-content\/uploads\/2023\/12\/369963069_877481613950013_7489210184536699003_n-300x225.jpg 300w, https:\/\/fermedesvents.fr\/wp-content\/uploads\/2023\/12\/369963069_877481613950013_7489210184536699003_n-768x576.jpg 768w, https:\/\/fermedesvents.fr\/wp-content\/uploads\/2023\/12\/369963069_877481613950013_7489210184536699003_n-1536x1152.jpg 1536w, https:\/\/fermedesvents.fr\/wp-content\/uploads\/2023\/12\/369963069_877481613950013_7489210184536699003_n.jpg 2048w\" sizes=\"auto, (max-width: 1024px) 100vw, 1024px\" \/><\/figure>\n\n\n\n<figure class=\"wp-block-image size-large\"><img loading=\"lazy\" decoding=\"async\" width=\"768\" height=\"1024\" data-id=\"852\" src=\"https:\/\/fermedesvents.fr\/wp-content\/uploads\/2023\/12\/376227090_886461113052063_3906242648232885489_n-768x1024.jpg\" alt=\"\" class=\"wp-image-852\" srcset=\"https:\/\/fermedesvents.fr\/wp-content\/uploads\/2023\/12\/376227090_886461113052063_3906242648232885489_n-768x1024.jpg 768w, https:\/\/fermedesvents.fr\/wp-content\/uploads\/2023\/12\/376227090_886461113052063_3906242648232885489_n-225x300.jpg 225w, https:\/\/fermedesvents.fr\/wp-content\/uploads\/2023\/12\/376227090_886461113052063_3906242648232885489_n.jpg 848w\" sizes=\"auto, (max-width: 768px) 100vw, 768px\" \/><\/figure>\n\n\n\n<figure class=\"wp-block-image size-large\"><img loading=\"lazy\" decoding=\"async\" width=\"1024\" height=\"768\" data-id=\"851\" src=\"https:\/\/fermedesvents.fr\/wp-content\/uploads\/2023\/12\/378115164_886461136385394_778407866369492065_n-1024x768.jpg\" alt=\"\" class=\"wp-image-851\" srcset=\"https:\/\/fermedesvents.fr\/wp-content\/uploads\/2023\/12\/378115164_886461136385394_778407866369492065_n-1024x768.jpg 1024w, https:\/\/fermedesvents.fr\/wp-content\/uploads\/2023\/12\/378115164_886461136385394_778407866369492065_n-300x225.jpg 300w, https:\/\/fermedesvents.fr\/wp-content\/uploads\/2023\/12\/378115164_886461136385394_778407866369492065_n-768x576.jpg 768w, https:\/\/fermedesvents.fr\/wp-content\/uploads\/2023\/12\/378115164_886461136385394_778407866369492065_n.jpg 1131w\" sizes=\"auto, (max-width: 1024px) 100vw, 1024px\" \/><\/figure>\n<\/figure>\n\n\n\n<figure class=\"wp-block-gallery has-nested-images columns-default is-cropped wp-block-gallery-3 is-layout-flex wp-block-gallery-is-layout-flex\">\n<figure class=\"wp-block-image size-large\"><img loading=\"lazy\" decoding=\"async\" width=\"640\" height=\"396\" data-id=\"853\" src=\"https:\/\/fermedesvents.fr\/wp-content\/uploads\/2023\/12\/img-fdv-.jpeg\" alt=\"\" class=\"wp-image-853\" srcset=\"https:\/\/fermedesvents.fr\/wp-content\/uploads\/2023\/12\/img-fdv-.jpeg 640w, https:\/\/fermedesvents.fr\/wp-content\/uploads\/2023\/12\/img-fdv--300x186.jpeg 300w\" sizes=\"auto, (max-width: 640px) 100vw, 640px\" \/><\/figure>\n\n\n\n<figure class=\"wp-block-image size-large\"><img loading=\"lazy\" decoding=\"async\" width=\"1024\" height=\"768\" data-id=\"854\" src=\"https:\/\/fermedesvents.fr\/wp-content\/uploads\/2023\/12\/img-vente-fdv-1024x768.jpeg\" alt=\"\" class=\"wp-image-854\" srcset=\"https:\/\/fermedesvents.fr\/wp-content\/uploads\/2023\/12\/img-vente-fdv-1024x768.jpeg 1024w, https:\/\/fermedesvents.fr\/wp-content\/uploads\/2023\/12\/img-vente-fdv-300x225.jpeg 300w, https:\/\/fermedesvents.fr\/wp-content\/uploads\/2023\/12\/img-vente-fdv-768x576.jpeg 768w, https:\/\/fermedesvents.fr\/wp-content\/uploads\/2023\/12\/img-vente-fdv-1536x1152.jpeg 1536w, https:\/\/fermedesvents.fr\/wp-content\/uploads\/2023\/12\/img-vente-fdv.jpeg 2048w\" sizes=\"auto, (max-width: 1024px) 100vw, 1024px\" \/><\/figure>\n\n\n\n<figure class=\"wp-block-image size-large\"><img loading=\"lazy\" decoding=\"async\" width=\"1024\" height=\"768\" data-id=\"855\" src=\"https:\/\/fermedesvents.fr\/wp-content\/uploads\/2023\/12\/img-vente-1024x768.jpeg\" alt=\"\" class=\"wp-image-855\" srcset=\"https:\/\/fermedesvents.fr\/wp-content\/uploads\/2023\/12\/img-vente-1024x768.jpeg 1024w, https:\/\/fermedesvents.fr\/wp-content\/uploads\/2023\/12\/img-vente-300x225.jpeg 300w, https:\/\/fermedesvents.fr\/wp-content\/uploads\/2023\/12\/img-vente-768x576.jpeg 768w, https:\/\/fermedesvents.fr\/wp-content\/uploads\/2023\/12\/img-vente-1536x1152.jpeg 1536w, https:\/\/fermedesvents.fr\/wp-content\/uploads\/2023\/12\/img-vente.jpeg 2048w\" sizes=\"auto, (max-width: 1024px) 100vw, 1024px\" \/><\/figure>\n<\/figure>\n\n\n\n<figure class=\"wp-block-image size-large\"><img loading=\"lazy\" decoding=\"async\" width=\"1024\" height=\"768\" src=\"https:\/\/fermedesvents.fr\/wp-content\/uploads\/2023\/12\/petit-panier-1024x768.jpeg\" alt=\"\" class=\"wp-image-857\" srcset=\"https:\/\/fermedesvents.fr\/wp-content\/uploads\/2023\/12\/petit-panier-1024x768.jpeg 1024w, https:\/\/fermedesvents.fr\/wp-content\/uploads\/2023\/12\/petit-panier-300x225.jpeg 300w, https:\/\/fermedesvents.fr\/wp-content\/uploads\/2023\/12\/petit-panier-768x576.jpeg 768w, https:\/\/fermedesvents.fr\/wp-content\/uploads\/2023\/12\/petit-panier-1536x1152.jpeg 1536w, https:\/\/fermedesvents.fr\/wp-content\/uploads\/2023\/12\/petit-panier.jpeg 2048w\" sizes=\"auto, (max-width: 1024px) 100vw, 1024px\" \/><\/figure>\n","protected":false},"excerpt":{"rendered":"<p>A LA FERME &#8230; Paniers ou Vente Directe ! Chaque ann\u00e9e nous confectionnons des paniers hebdomadaires chaque semaine. Nous proposons deux formats de paniers: &#8211; Un petit panier \u00e0 10 euros &#8211; Un grand panier \u00e0 20 euros. Le contenu du panier est vari\u00e9 et al\u00e9atoire en fonction de la production et de la saison. [&hellip;]<\/p>\n","protected":false},"author":1,"featured_media":870,"parent":0,"menu_order":0,"comment_status":"closed","ping_status":"closed","template":"","meta":{"footnotes":""},"class_list":["post-44","page","type-page","status-publish","has-post-thumbnail","czr-hentry"],"_links":{"self":[{"href":"https:\/\/fermedesvents.fr\/index.php\/wp-json\/wp\/v2\/pages\/44","targetHints":{"allow":["GET"]}}],"collection":[{"href":"https:\/\/fermedesvents.fr\/index.php\/wp-json\/wp\/v2\/pages"}],"about":[{"href":"https:\/\/fermedesvents.fr\/index.php\/wp-json\/wp\/v2\/types\/page"}],"author":[{"embeddable":true,"href":"https:\/\/fermedesvents.fr\/index.php\/wp-json\/wp\/v2\/users\/1"}],"replies":[{"embeddable":true,"href":"https:\/\/fermedesvents.fr\/index.php\/wp-json\/wp\/v2\/comments?post=44"}],"version-history":[{"count":31,"href":"https:\/\/fermedesvents.fr\/index.php\/wp-json\/wp\/v2\/pages\/44\/revisions"}],"predecessor-version":[{"id":1150,"href":"https:\/\/fermedesvents.fr\/index.php\/wp-json\/wp\/v2\/pages\/44\/revisions\/1150"}],"wp:featuredmedia":[{"embeddable":true,"href":"https:\/\/fermedesvents.fr\/index.php\/wp-json\/wp\/v2\/media\/870"}],"wp:attachment":[{"href":"https:\/\/fermedesvents.fr\/index.php\/wp-json\/wp\/v2\/media?parent=44"}],"curies":[{"name":"wp","href":"https:\/\/api.w.org\/{rel}","templated":true}]}}