{"id":40,"date":"2020-08-11T18:58:27","date_gmt":"2020-08-11T16:58:27","guid":{"rendered":"http:\/\/fermedesvents.fr\/?page_id=40"},"modified":"2024-03-30T21:31:45","modified_gmt":"2024-03-30T20:31:45","slug":"qui-sommes-nous","status":"publish","type":"page","link":"https:\/\/fermedesvents.fr\/index.php\/qui-sommes-nous\/","title":{"rendered":"Qui sommes nous?"},"content":{"rendered":"\n<div class=\"wp-block-group\"><div class=\"wp-block-group__inner-container is-layout-flow wp-block-group-is-layout-flow\"><\/div><\/div>\n\n\n\n<figure class=\"wp-block-image size-full\"><img loading=\"lazy\" decoding=\"async\" width=\"828\" height=\"828\" src=\"https:\/\/fermedesvents.fr\/wp-content\/uploads\/2024\/03\/432688354_398246036247946_1568876789616657068_n.jpg\" alt=\"\" class=\"wp-image-906\" srcset=\"https:\/\/fermedesvents.fr\/wp-content\/uploads\/2024\/03\/432688354_398246036247946_1568876789616657068_n.jpg 828w, https:\/\/fermedesvents.fr\/wp-content\/uploads\/2024\/03\/432688354_398246036247946_1568876789616657068_n-300x300.jpg 300w, https:\/\/fermedesvents.fr\/wp-content\/uploads\/2024\/03\/432688354_398246036247946_1568876789616657068_n-150x150.jpg 150w, https:\/\/fermedesvents.fr\/wp-content\/uploads\/2024\/03\/432688354_398246036247946_1568876789616657068_n-768x768.jpg 768w, https:\/\/fermedesvents.fr\/wp-content\/uploads\/2024\/03\/432688354_398246036247946_1568876789616657068_n-510x510.jpg 510w\" sizes=\"auto, (max-width: 828px) 100vw, 828px\" \/><\/figure>\n\n\n\n<div class=\"wp-block-columns is-layout-flex wp-container-core-columns-is-layout-1 wp-block-columns-is-layout-flex\">\n<div class=\"wp-block-column is-layout-flow wp-block-column-is-layout-flow\">\n<h2 class=\"wp-block-heading\">Dianysis et Alix<\/h2>\n\n\n\n<pre id=\"block-18d5f9c3-2931-4799-a20b-c90715eb2f29\" class=\"wp-block-preformatted\">Nous sommes mara\u00eechers de montagne, admirateurs de la nature, respectueux de la Terre, gourmands des bonnes choses, investigateurs de go\u00fbts et de qualit\u00e9.\n\nNous cultivons des l\u00e9gumes biologiques, micro-pousses et fleurs comestibles et \u00e9levons des poules pondeuses.\n\nConscients des enjeux sociaux et environnementaux actuels, notre volont\u00e9 est d'avoir un impact direct et positif par le biais de notre activit\u00e9 professionnelle. \n\nLes outils mat\u00e9riaux et techniques que nous pratiquons sont autant que possible, respectueux de l'environnement.  \n\nPartage de savoir-faire, d'exp\u00e9rience et p\u00e9dagogie sont les ma\u00eetres mots \u00e0 la Ferme des Vents. \n\nNous voulons une nourriture saine et de qualit\u00e9 pour tous. \n\nPrivil\u00e9gier la vente directe, est, selon nous, essentiel pour une juste r\u00e9mun\u00e9ration des maraichers, producteurs et artisans. \n\nC'est aussi pour nous comme pour le consommateur, une fa\u00e7on d'\u00e9changer sur les pratiques de cultures, la croissance d'un l\u00e9gume, le temps et le co\u00fbt de production n\u00e9cessaire pour arriver de la terre.... \u00e0 l'assiette ! \n\nNous pensons aussi qu'il est important de communiquer et rappeler que les l\u00e9gumes sont la base de notre alimentation et que des l\u00e9gumes frais, riches en vitamines, fibres et sels min\u00e9raux sont indispensable pour notre sant\u00e9. \n\nNous faisons notre possible pour varier les paniers que nous composons chaque semaine. Oui, car la cl\u00e9 d'une bonne sant\u00e9, c'est bien une alimentation vari\u00e9e ! ;-) \n<\/pre>\n<\/div>\n<\/div>\n\n\n\n<div class=\"wp-block-columns is-layout-flex wp-container-core-columns-is-layout-2 wp-block-columns-is-layout-flex\">\n<div class=\"wp-block-column is-layout-flow wp-block-column-is-layout-flow\">\n<p><\/p>\n<\/div>\n\n\n\n<div class=\"wp-block-column is-layout-flow wp-block-column-is-layout-flow\"><\/div>\n<\/div>\n","protected":false},"excerpt":{"rendered":"<p>Dianysis et Alix Nous sommes mara\u00eechers de montagne, admirateurs de la nature, respectueux de la Terre, gourmands des bonnes choses, investigateurs de go\u00fbts et de qualit\u00e9. Nous cultivons des l\u00e9gumes biologiques, micro-pousses et fleurs comestibles et \u00e9levons des poules pondeuses. Conscients des enjeux sociaux et environnementaux actuels, notre volont\u00e9 est d&rsquo;avoir un impact direct et [&hellip;]<\/p>\n","protected":false},"author":3,"featured_media":0,"parent":0,"menu_order":0,"comment_status":"closed","ping_status":"closed","template":"","meta":{"footnotes":""},"class_list":["post-40","page","type-page","status-publish","czr-hentry"],"_links":{"self":[{"href":"https:\/\/fermedesvents.fr\/index.php\/wp-json\/wp\/v2\/pages\/40","targetHints":{"allow":["GET"]}}],"collection":[{"href":"https:\/\/fermedesvents.fr\/index.php\/wp-json\/wp\/v2\/pages"}],"about":[{"href":"https:\/\/fermedesvents.fr\/index.php\/wp-json\/wp\/v2\/types\/page"}],"author":[{"embeddable":true,"href":"https:\/\/fermedesvents.fr\/index.php\/wp-json\/wp\/v2\/users\/3"}],"replies":[{"embeddable":true,"href":"https:\/\/fermedesvents.fr\/index.php\/wp-json\/wp\/v2\/comments?post=40"}],"version-history":[{"count":9,"href":"https:\/\/fermedesvents.fr\/index.php\/wp-json\/wp\/v2\/pages\/40\/revisions"}],"predecessor-version":[{"id":924,"href":"https:\/\/fermedesvents.fr\/index.php\/wp-json\/wp\/v2\/pages\/40\/revisions\/924"}],"wp:attachment":[{"href":"https:\/\/fermedesvents.fr\/index.php\/wp-json\/wp\/v2\/media?parent=40"}],"curies":[{"name":"wp","href":"https:\/\/api.w.org\/{rel}","templated":true}]}}