{"id":340,"date":"2020-08-18T08:58:57","date_gmt":"2020-08-18T06:58:57","guid":{"rendered":"https:\/\/fermedesvents.fr\/?page_id=340"},"modified":"2025-04-20T15:33:26","modified_gmt":"2025-04-20T13:33:26","slug":"en-ce-moment-a-la-ferme","status":"publish","type":"page","link":"https:\/\/fermedesvents.fr\/index.php\/en-ce-moment-a-la-ferme\/","title":{"rendered":"En ce moment \u00e0 la ferme&#8230;"},"content":{"rendered":"\n<p class=\"has-x-large-font-size\"><strong>Saison 2025<\/strong><\/p>\n\n\n\n<h2 class=\"wp-block-heading has-text-align-center\"><strong>A noter dans vos agendas :&nbsp;FERME OUVERTE<\/strong><\/h2>\n\n\n<div class=\"wp-block-image\">\n<figure class=\"aligncenter size-large\"><img loading=\"lazy\" decoding=\"async\" width=\"724\" height=\"1024\" src=\"https:\/\/fermedesvents.fr\/wp-content\/uploads\/2025\/04\/Affiche-Evenement-Fete-Ferme-Pedagogique-Simple-Collage-Photo-Colore-1-724x1024.jpg\" alt=\"\" class=\"wp-image-1100\" srcset=\"https:\/\/fermedesvents.fr\/wp-content\/uploads\/2025\/04\/Affiche-Evenement-Fete-Ferme-Pedagogique-Simple-Collage-Photo-Colore-1-724x1024.jpg 724w, https:\/\/fermedesvents.fr\/wp-content\/uploads\/2025\/04\/Affiche-Evenement-Fete-Ferme-Pedagogique-Simple-Collage-Photo-Colore-1-212x300.jpg 212w, https:\/\/fermedesvents.fr\/wp-content\/uploads\/2025\/04\/Affiche-Evenement-Fete-Ferme-Pedagogique-Simple-Collage-Photo-Colore-1-768x1086.jpg 768w, https:\/\/fermedesvents.fr\/wp-content\/uploads\/2025\/04\/Affiche-Evenement-Fete-Ferme-Pedagogique-Simple-Collage-Photo-Colore-1-1086x1536.jpg 1086w, https:\/\/fermedesvents.fr\/wp-content\/uploads\/2025\/04\/Affiche-Evenement-Fete-Ferme-Pedagogique-Simple-Collage-Photo-Colore-1.jpg 1414w\" sizes=\"auto, (max-width: 724px) 100vw, 724px\" \/><\/figure><\/div>\n\n\n<hr class=\"wp-block-separator has-alpha-channel-opacity\"\/>\n\n\n\n<p class=\"has-large-font-size\"><strong>A partir du mois de juin&#8230; <\/strong><\/p>\n\n\n<div class=\"wp-block-image\">\n<figure class=\"aligncenter size-large\"><img loading=\"lazy\" decoding=\"async\" width=\"724\" height=\"1024\" src=\"https:\/\/fermedesvents.fr\/wp-content\/uploads\/2025\/04\/SAISON-ESTIVALE-A-LA-FERME-DES-VENTS-VISITES-AUTONOMES-ET-VISITES-GUIDEES-724x1024.jpg\" alt=\"\" class=\"wp-image-1105\" srcset=\"https:\/\/fermedesvents.fr\/wp-content\/uploads\/2025\/04\/SAISON-ESTIVALE-A-LA-FERME-DES-VENTS-VISITES-AUTONOMES-ET-VISITES-GUIDEES-724x1024.jpg 724w, https:\/\/fermedesvents.fr\/wp-content\/uploads\/2025\/04\/SAISON-ESTIVALE-A-LA-FERME-DES-VENTS-VISITES-AUTONOMES-ET-VISITES-GUIDEES-212x300.jpg 212w, https:\/\/fermedesvents.fr\/wp-content\/uploads\/2025\/04\/SAISON-ESTIVALE-A-LA-FERME-DES-VENTS-VISITES-AUTONOMES-ET-VISITES-GUIDEES-768x1086.jpg 768w, https:\/\/fermedesvents.fr\/wp-content\/uploads\/2025\/04\/SAISON-ESTIVALE-A-LA-FERME-DES-VENTS-VISITES-AUTONOMES-ET-VISITES-GUIDEES-1086x1536.jpg 1086w, https:\/\/fermedesvents.fr\/wp-content\/uploads\/2025\/04\/SAISON-ESTIVALE-A-LA-FERME-DES-VENTS-VISITES-AUTONOMES-ET-VISITES-GUIDEES.jpg 1414w\" sizes=\"auto, (max-width: 724px) 100vw, 724px\" \/><\/figure><\/div>\n\n\n<hr class=\"wp-block-separator has-alpha-channel-opacity\"\/>\n\n\n\n<hr class=\"wp-block-separator has-alpha-channel-opacity\"\/>\n\n\n\n<p class=\"has-x-large-font-size\"><strong>Saison 2024<\/strong><\/p>\n\n\n\n<p class=\"has-text-align-center has-large-font-size\"><br><strong>Le week end du 4 et 5 mai<\/strong> <strong>2024<\/strong>, 10h-18h !!!<\/p>\n\n\n\n<p>&nbsp;Prenez la cl\u00e9 des champs en Matheysine et soyez les BIENVENUS DANS NOS FERMES !!&nbsp;<\/p>\n\n\n\n<p>A&nbsp;<a href=\"https:\/\/www.facebook.com\/lafermedesvents?__cft__[0]=AZUjEoIyHhl7bkHe1LHXNanRRvneBt8zKhymZKxKszuF86GPGq2MjJQDnfWGRPVqcXicBAGWLHHtC5keKRbH4z2pbrdQAozVWjfud-IC-MAGuI0FWTVK_oSRhJbfo3ZoC0lX8ykzp18kdN3Q2xVpWecLx1H_WHVFogLx7MXqMxnTrLruY3PHgQa2UIH2WLo8QRg&amp;__tn__=-]K*F\">La Ferme des Vents<\/a>&nbsp;\u00e0 Pierre Ch\u00e2tel&nbsp;<img loading=\"lazy\" decoding=\"async\" height=\"16\" width=\"16\" src=\"https:\/\/static.xx.fbcdn.net\/images\/emoji.php\/v9\/t8e\/2\/16\/1f414.png\" alt=\"\ud83d\udc14\"><img loading=\"lazy\" decoding=\"async\" height=\"16\" width=\"16\" src=\"https:\/\/static.xx.fbcdn.net\/images\/emoji.php\/v9\/t72\/2\/16\/1f407.png\" alt=\"\ud83d\udc07\"><img loading=\"lazy\" decoding=\"async\" height=\"16\" width=\"16\" src=\"https:\/\/static.xx.fbcdn.net\/images\/emoji.php\/v9\/t8\/2\/16\/1f331.png\" alt=\"\ud83c\udf31\"><img loading=\"lazy\" decoding=\"async\" height=\"16\" width=\"16\" src=\"https:\/\/static.xx.fbcdn.net\/images\/emoji.php\/v9\/t8f\/2\/16\/1f338.png\" alt=\"\ud83c\udf38\"><img loading=\"lazy\" decoding=\"async\" height=\"16\" width=\"16\" src=\"https:\/\/static.xx.fbcdn.net\/images\/emoji.php\/v9\/td0\/2\/16\/1f955.png\" alt=\"\ud83e\udd55\"><img loading=\"lazy\" decoding=\"async\" height=\"16\" width=\"16\" src=\"https:\/\/static.xx.fbcdn.net\/images\/emoji.php\/v9\/t9d\/2\/16\/1f96c.png\" alt=\"\ud83e\udd6c\"><br>Et \u00e0 la&nbsp;<a href=\"https:\/\/www.facebook.com\/chevrerie.du.jas?__cft__[0]=AZUjEoIyHhl7bkHe1LHXNanRRvneBt8zKhymZKxKszuF86GPGq2MjJQDnfWGRPVqcXicBAGWLHHtC5keKRbH4z2pbrdQAozVWjfud-IC-MAGuI0FWTVK_oSRhJbfo3ZoC0lX8ykzp18kdN3Q2xVpWecLx1H_WHVFogLx7MXqMxnTrLruY3PHgQa2UIH2WLo8QRg&amp;__tn__=-]K*F\">Ch\u00e8vrerie Du Jas<\/a>&nbsp;\u00e0 Oris en ratier&nbsp;<img loading=\"lazy\" decoding=\"async\" height=\"16\" width=\"16\" src=\"https:\/\/static.xx.fbcdn.net\/images\/emoji.php\/v9\/t8a\/2\/16\/1f410.png\" alt=\"\ud83d\udc10\"><img loading=\"lazy\" decoding=\"async\" height=\"16\" width=\"16\" src=\"https:\/\/static.xx.fbcdn.net\/images\/emoji.php\/v9\/tdd\/2\/16\/1f9c0.png\" alt=\"\ud83e\uddc0\"><img loading=\"lazy\" decoding=\"async\" height=\"16\" width=\"16\" src=\"https:\/\/static.xx.fbcdn.net\/images\/emoji.php\/v9\/t3a\/2\/16\/1f33c.png\" alt=\"\ud83c\udf3c\"><\/p>\n\n\n\n<p>L\u2019occasion de visiter une production mara\u00eech\u00e8re et une production fromag\u00e8re tout pr\u00e8s de chez vous , \u00e0 seulement 8 km l\u2019une de l\u2019autre et de vous laissez guider, petits et grands, pour un circuit riche en d\u00e9couvertes !<br>C\u2019est gratuit !!&nbsp;<br>On vous attend nombreux !&nbsp;<\/p>\n\n\n\n<p>Des animaux, des l\u00e9gumes, des micro-pousses, on vous raconte ce \u00e0 quoi on consacre nos journ\u00e9es. Et comment on tend \u00e0 une agriculture de qualit\u00e9, pleine de saveurs. <\/p>\n\n\n\n<p><strong>Au programme: Visites, rencontres, \u00e9changes, d\u00e9gustations, activit\u00e9s ludiques&#8230; des semences, des plants de fleurs et plants de tomates \u00e0 gagner ! <\/strong><\/p>\n\n\n\n<p>Et la possibilit\u00e9 de se restaurer sur place, avec stand de falafels et cr\u00eapes maison !!! Miam ! <\/p>\n\n\n\n<figure class=\"wp-block-image size-large\"><img loading=\"lazy\" decoding=\"async\" width=\"760\" height=\"1024\" src=\"https:\/\/fermedesvents.fr\/wp-content\/uploads\/2024\/04\/baf-760x1024.jpeg\" alt=\"\" class=\"wp-image-968\" srcset=\"https:\/\/fermedesvents.fr\/wp-content\/uploads\/2024\/04\/baf-760x1024.jpeg 760w, https:\/\/fermedesvents.fr\/wp-content\/uploads\/2024\/04\/baf-223x300.jpeg 223w, https:\/\/fermedesvents.fr\/wp-content\/uploads\/2024\/04\/baf-768x1035.jpeg 768w, https:\/\/fermedesvents.fr\/wp-content\/uploads\/2024\/04\/baf.jpeg 828w\" sizes=\"auto, (max-width: 760px) 100vw, 760px\" \/><\/figure>\n\n\n\n<hr class=\"wp-block-separator has-alpha-channel-opacity\"\/>\n\n\n\n<hr class=\"wp-block-separator has-alpha-channel-opacity\"\/>\n\n\n\n<p class=\"has-text-align-center has-large-font-size\"><strong>FIN DE SAISON 2023&#8230; VENEZ RECOLTER AU CHAMP !! <\/strong><\/p>\n\n\n<div class=\"wp-block-image\">\n<figure class=\"aligncenter size-large\"><img loading=\"lazy\" decoding=\"async\" width=\"724\" height=\"1024\" src=\"https:\/\/fermedesvents.fr\/wp-content\/uploads\/2023\/12\/evnmt-poireau-724x1024.jpeg\" alt=\"\" class=\"wp-image-865\" srcset=\"https:\/\/fermedesvents.fr\/wp-content\/uploads\/2023\/12\/evnmt-poireau-724x1024.jpeg 724w, https:\/\/fermedesvents.fr\/wp-content\/uploads\/2023\/12\/evnmt-poireau-212x300.jpeg 212w, https:\/\/fermedesvents.fr\/wp-content\/uploads\/2023\/12\/evnmt-poireau-768x1086.jpeg 768w, https:\/\/fermedesvents.fr\/wp-content\/uploads\/2023\/12\/evnmt-poireau-1086x1536.jpeg 1086w, https:\/\/fermedesvents.fr\/wp-content\/uploads\/2023\/12\/evnmt-poireau.jpeg 1448w\" sizes=\"auto, (max-width: 724px) 100vw, 724px\" \/><\/figure><\/div>\n\n\n<hr class=\"wp-block-separator has-alpha-channel-opacity\"\/>\n\n\n\n<hr class=\"wp-block-separator has-alpha-channel-opacity\"\/>\n\n\n\n<p class=\"has-text-align-center has-medium-font-size\"><strong><em>SEPTEMBRE 2021&#8230; R\u00e9colte des pommes de terre \u00ab\u00a0Ana\u00efs\u00a0\u00bb<\/em><\/strong><\/p>\n\n\n\n<figure class=\"wp-block-gallery has-nested-images columns-default is-cropped wp-block-gallery-1 is-layout-flex wp-block-gallery-is-layout-flex\">\n<figure class=\"wp-block-image size-large\"><img loading=\"lazy\" decoding=\"async\" width=\"723\" height=\"1024\" data-id=\"203\" src=\"https:\/\/fermedesvents.fr\/wp-content\/uploads\/2020\/08\/aaaaimage2-723x1024.jpeg\" alt=\"\" class=\"wp-image-203\" srcset=\"https:\/\/fermedesvents.fr\/wp-content\/uploads\/2020\/08\/aaaaimage2-723x1024.jpeg 723w, https:\/\/fermedesvents.fr\/wp-content\/uploads\/2020\/08\/aaaaimage2-212x300.jpeg 212w, https:\/\/fermedesvents.fr\/wp-content\/uploads\/2020\/08\/aaaaimage2-768x1087.jpeg 768w, https:\/\/fermedesvents.fr\/wp-content\/uploads\/2020\/08\/aaaaimage2-1085x1536.jpeg 1085w, https:\/\/fermedesvents.fr\/wp-content\/uploads\/2020\/08\/aaaaimage2.jpeg 1368w\" sizes=\"auto, (max-width: 723px) 100vw, 723px\" \/><\/figure>\n\n\n\n<figure class=\"wp-block-image size-large\"><img loading=\"lazy\" decoding=\"async\" width=\"1024\" height=\"768\" data-id=\"202\" src=\"https:\/\/fermedesvents.fr\/wp-content\/uploads\/2020\/08\/aa-1024x768.jpeg\" alt=\"\" class=\"wp-image-202\" srcset=\"https:\/\/fermedesvents.fr\/wp-content\/uploads\/2020\/08\/aa-1024x768.jpeg 1024w, https:\/\/fermedesvents.fr\/wp-content\/uploads\/2020\/08\/aa-300x225.jpeg 300w, https:\/\/fermedesvents.fr\/wp-content\/uploads\/2020\/08\/aa-768x576.jpeg 768w, https:\/\/fermedesvents.fr\/wp-content\/uploads\/2020\/08\/aa-1536x1152.jpeg 1536w, https:\/\/fermedesvents.fr\/wp-content\/uploads\/2020\/08\/aa.jpeg 2016w\" sizes=\"auto, (max-width: 1024px) 100vw, 1024px\" \/><\/figure>\n\n\n\n<figure class=\"wp-block-image size-large\"><img loading=\"lazy\" decoding=\"async\" width=\"768\" height=\"1024\" data-id=\"204\" src=\"https:\/\/fermedesvents.fr\/wp-content\/uploads\/2020\/08\/aimage0-768x1024.jpeg\" alt=\"\" class=\"wp-image-204\" srcset=\"https:\/\/fermedesvents.fr\/wp-content\/uploads\/2020\/08\/aimage0-768x1024.jpeg 768w, https:\/\/fermedesvents.fr\/wp-content\/uploads\/2020\/08\/aimage0-225x300.jpeg 225w, https:\/\/fermedesvents.fr\/wp-content\/uploads\/2020\/08\/aimage0-1152x1536.jpeg 1152w, https:\/\/fermedesvents.fr\/wp-content\/uploads\/2020\/08\/aimage0-rotated.jpeg 1512w\" sizes=\"auto, (max-width: 768px) 100vw, 768px\" \/><\/figure>\n<\/figure>\n\n\n\n<div class=\"wp-block-group\"><div class=\"wp-block-group__inner-container is-layout-flow wp-block-group-is-layout-flow\">\n<p class=\"has-text-align-center has-medium-font-size\"><strong><em>MI MARS 2021, Plantation d&rsquo;oignons sur b\u00e2che tiss\u00e9e<\/em><\/strong><\/p>\n\n\n\n<figure class=\"wp-block-image size-large\"><img loading=\"lazy\" decoding=\"async\" width=\"1024\" height=\"768\" src=\"https:\/\/fermedesvents.fr\/wp-content\/uploads\/2021\/03\/IMG_20210312_113149-1024x768.jpg\" alt=\"\" class=\"wp-image-781\" srcset=\"https:\/\/fermedesvents.fr\/wp-content\/uploads\/2021\/03\/IMG_20210312_113149-1024x768.jpg 1024w, https:\/\/fermedesvents.fr\/wp-content\/uploads\/2021\/03\/IMG_20210312_113149-300x225.jpg 300w, https:\/\/fermedesvents.fr\/wp-content\/uploads\/2021\/03\/IMG_20210312_113149-768x576.jpg 768w, https:\/\/fermedesvents.fr\/wp-content\/uploads\/2021\/03\/IMG_20210312_113149-1536x1152.jpg 1536w, https:\/\/fermedesvents.fr\/wp-content\/uploads\/2021\/03\/IMG_20210312_113149-2048x1536.jpg 2048w\" sizes=\"auto, (max-width: 1024px) 100vw, 1024px\" \/><\/figure>\n\n\n\n<figure class=\"wp-block-gallery has-nested-images columns-default is-cropped wp-block-gallery-2 is-layout-flex wp-block-gallery-is-layout-flex\">\n<figure class=\"wp-block-image size-large\"><img loading=\"lazy\" decoding=\"async\" width=\"1024\" height=\"768\" src=\"https:\/\/fermedesvents.fr\/wp-content\/uploads\/2021\/03\/IMG_20210312_113149-1024x768.jpg\" alt=\"\" class=\"wp-image-781\" srcset=\"https:\/\/fermedesvents.fr\/wp-content\/uploads\/2021\/03\/IMG_20210312_113149-1024x768.jpg 1024w, https:\/\/fermedesvents.fr\/wp-content\/uploads\/2021\/03\/IMG_20210312_113149-300x225.jpg 300w, https:\/\/fermedesvents.fr\/wp-content\/uploads\/2021\/03\/IMG_20210312_113149-768x576.jpg 768w, https:\/\/fermedesvents.fr\/wp-content\/uploads\/2021\/03\/IMG_20210312_113149-1536x1152.jpg 1536w, https:\/\/fermedesvents.fr\/wp-content\/uploads\/2021\/03\/IMG_20210312_113149-2048x1536.jpg 2048w\" sizes=\"auto, (max-width: 1024px) 100vw, 1024px\" \/><\/figure>\n\n\n\n<figure class=\"wp-block-image size-large\"><img loading=\"lazy\" decoding=\"async\" width=\"768\" height=\"1024\" src=\"https:\/\/fermedesvents.fr\/wp-content\/uploads\/2021\/03\/IMG_20210312_113155-768x1024.jpg\" alt=\"\" class=\"wp-image-782\" srcset=\"https:\/\/fermedesvents.fr\/wp-content\/uploads\/2021\/03\/IMG_20210312_113155-768x1024.jpg 768w, https:\/\/fermedesvents.fr\/wp-content\/uploads\/2021\/03\/IMG_20210312_113155-225x300.jpg 225w, https:\/\/fermedesvents.fr\/wp-content\/uploads\/2021\/03\/IMG_20210312_113155-1152x1536.jpg 1152w, https:\/\/fermedesvents.fr\/wp-content\/uploads\/2021\/03\/IMG_20210312_113155-1536x2048.jpg 1536w, https:\/\/fermedesvents.fr\/wp-content\/uploads\/2021\/03\/IMG_20210312_113155-scaled.jpg 1920w\" sizes=\"auto, (max-width: 768px) 100vw, 768px\" \/><figcaption class=\"wp-element-caption\">Mise en place des bulbilles<br><\/figcaption><\/figure>\n\n\n\n<figure class=\"wp-block-image size-large\"><img loading=\"lazy\" decoding=\"async\" width=\"1024\" height=\"768\" src=\"https:\/\/fermedesvents.fr\/wp-content\/uploads\/2021\/03\/IMG_20210312_122623-1024x768.jpg\" alt=\"\" class=\"wp-image-783\" srcset=\"https:\/\/fermedesvents.fr\/wp-content\/uploads\/2021\/03\/IMG_20210312_122623-1024x768.jpg 1024w, https:\/\/fermedesvents.fr\/wp-content\/uploads\/2021\/03\/IMG_20210312_122623-300x225.jpg 300w, https:\/\/fermedesvents.fr\/wp-content\/uploads\/2021\/03\/IMG_20210312_122623-768x576.jpg 768w, https:\/\/fermedesvents.fr\/wp-content\/uploads\/2021\/03\/IMG_20210312_122623-1536x1152.jpg 1536w, https:\/\/fermedesvents.fr\/wp-content\/uploads\/2021\/03\/IMG_20210312_122623-2048x1536.jpg 2048w\" sizes=\"auto, (max-width: 1024px) 100vw, 1024px\" \/><figcaption class=\"wp-element-caption\">Ajout de composte<\/figcaption><\/figure>\n\n\n\n<figure class=\"wp-block-image size-large\"><img loading=\"lazy\" decoding=\"async\" width=\"1024\" height=\"768\" src=\"https:\/\/fermedesvents.fr\/wp-content\/uploads\/2021\/03\/IMG_20210311_155506-1024x768.jpg\" alt=\"\" class=\"wp-image-780\" srcset=\"https:\/\/fermedesvents.fr\/wp-content\/uploads\/2021\/03\/IMG_20210311_155506-1024x768.jpg 1024w, https:\/\/fermedesvents.fr\/wp-content\/uploads\/2021\/03\/IMG_20210311_155506-300x225.jpg 300w, https:\/\/fermedesvents.fr\/wp-content\/uploads\/2021\/03\/IMG_20210311_155506-768x576.jpg 768w, https:\/\/fermedesvents.fr\/wp-content\/uploads\/2021\/03\/IMG_20210311_155506-1536x1152.jpg 1536w, https:\/\/fermedesvents.fr\/wp-content\/uploads\/2021\/03\/IMG_20210311_155506-2048x1536.jpg 2048w\" sizes=\"auto, (max-width: 1024px) 100vw, 1024px\" \/><figcaption class=\"wp-element-caption\">Pr\u00e9paration de sol<\/figcaption><\/figure>\n<\/figure>\n<\/div><\/div>\n\n\n\n<p><\/p>\n\n\n\n<p><\/p>\n","protected":false},"excerpt":{"rendered":"<p>Saison 2025 A noter dans vos agendas :&nbsp;FERME OUVERTE A partir du mois de juin&#8230; Saison 2024 Le week end du 4 et 5 mai 2024, 10h-18h !!! &nbsp;Prenez la cl\u00e9 des champs en Matheysine et soyez les BIENVENUS DANS NOS FERMES !!&nbsp; A&nbsp;La Ferme des Vents&nbsp;\u00e0 Pierre Ch\u00e2tel&nbsp;Et \u00e0 la&nbsp;Ch\u00e8vrerie Du Jas&nbsp;\u00e0 Oris en [&hellip;]<\/p>\n","protected":false},"author":1,"featured_media":0,"parent":0,"menu_order":0,"comment_status":"closed","ping_status":"closed","template":"","meta":{"footnotes":""},"class_list":["post-340","page","type-page","status-publish","czr-hentry"],"_links":{"self":[{"href":"https:\/\/fermedesvents.fr\/index.php\/wp-json\/wp\/v2\/pages\/340","targetHints":{"allow":["GET"]}}],"collection":[{"href":"https:\/\/fermedesvents.fr\/index.php\/wp-json\/wp\/v2\/pages"}],"about":[{"href":"https:\/\/fermedesvents.fr\/index.php\/wp-json\/wp\/v2\/types\/page"}],"author":[{"embeddable":true,"href":"https:\/\/fermedesvents.fr\/index.php\/wp-json\/wp\/v2\/users\/1"}],"replies":[{"embeddable":true,"href":"https:\/\/fermedesvents.fr\/index.php\/wp-json\/wp\/v2\/comments?post=340"}],"version-history":[{"count":12,"href":"https:\/\/fermedesvents.fr\/index.php\/wp-json\/wp\/v2\/pages\/340\/revisions"}],"predecessor-version":[{"id":1109,"href":"https:\/\/fermedesvents.fr\/index.php\/wp-json\/wp\/v2\/pages\/340\/revisions\/1109"}],"wp:attachment":[{"href":"https:\/\/fermedesvents.fr\/index.php\/wp-json\/wp\/v2\/media?parent=340"}],"curies":[{"name":"wp","href":"https:\/\/api.w.org\/{rel}","templated":true}]}}